{"id":14478,"date":"2023-04-08T15:47:17","date_gmt":"2023-04-08T13:47:17","guid":{"rendered":"https:\/\/looketmedecine.fr\/?page_id=14478"},"modified":"2024-08-21T15:43:35","modified_gmt":"2024-08-21T13:43:35","slug":"lm1-2023-accueil-looketmedecine","status":"publish","type":"page","link":"https:\/\/looketmedecine.fr\/en\/accueil-2\/lm1-2023-accueil-looketmedecine\/","title":{"rendered":"Contents of LM REGEN LAB Special Issue N\u00b01 2024"},"content":{"rendered":"<div data-elementor-type=\"wp-page\" data-elementor-id=\"14478\" class=\"elementor elementor-14478\" data-elementor-post-type=\"page\">\n\t\t\t\t<div class=\"elementor-element elementor-element-ee4f3a9 e-flex e-con-boxed e-con e-parent\" data-id=\"ee4f3a9\" data-element_type=\"container\" data-e-type=\"container\">\n\t\t\t\t\t<div class=\"e-con-inner\">\n\t\t\t\t<div class=\"elementor-element elementor-element-8c34f5b elementor-widget elementor-widget-gallery\" data-id=\"8c34f5b\" data-element_type=\"widget\" data-e-type=\"widget\" data-settings=\"{&quot;gap&quot;:{&quot;unit&quot;:&quot;px&quot;,&quot;size&quot;:1,&quot;sizes&quot;:[]},&quot;columns&quot;:3,&quot;lazyload&quot;:&quot;yes&quot;,&quot;gallery_layout&quot;:&quot;grid&quot;,&quot;columns_tablet&quot;:2,&quot;columns_mobile&quot;:1,&quot;gap_tablet&quot;:{&quot;unit&quot;:&quot;px&quot;,&quot;size&quot;:10,&quot;sizes&quot;:[]},&quot;gap_mobile&quot;:{&quot;unit&quot;:&quot;px&quot;,&quot;size&quot;:10,&quot;sizes&quot;:[]},&quot;link_to&quot;:&quot;file&quot;,&quot;aspect_ratio&quot;:&quot;3:2&quot;,&quot;overlay_background&quot;:&quot;yes&quot;,&quot;content_hover_animation&quot;:&quot;fade-in&quot;}\" data-widget_type=\"gallery.default\">\n\t\t\t\t<div class=\"elementor-widget-container\">\n\t\t\t\t\t\t\t<div class=\"elementor-gallery__container\">\n\t\t\t\t\t\t\t<a class=\"e-gallery-item elementor-gallery-item elementor-animated-content\" href=\"https:\/\/looketmedecine.fr\/wp-content\/uploads\/2024\/08\/Capture-decran-2024-08-19-a-23.12.32.png\" data-elementor-open-lightbox=\"yes\" data-elementor-lightbox-slideshow=\"8c34f5b\" data-elementor-lightbox-title=\"Capture d\u2019e\u0301cran 2024-08-19 a\u0300 23.12.32\" data-e-action-hash=\"#elementor-action%3Aaction%3Dlightbox%26settings%3DeyJpZCI6MjM1MjIsInVybCI6Imh0dHBzOlwvXC9sb29rZXRtZWRlY2luZS5mclwvd3AtY29udGVudFwvdXBsb2Fkc1wvMjAyNFwvMDhcL0NhcHR1cmUtZGVjcmFuLTIwMjQtMDgtMTktYS0yMy4xMi4zMi5wbmciLCJzbGlkZXNob3ciOiI4YzM0ZjViIn0%3D\">\n\t\t\t\t\t<div class=\"e-gallery-image elementor-gallery-item__image\" data-thumbnail=\"https:\/\/looketmedecine.fr\/wp-content\/uploads\/2024\/08\/Capture-decran-2024-08-19-a-23.12.32.png\" data-width=\"\" data-height=\"\" aria-label=\"\" role=\"img\" ><\/div>\n\t\t\t\t\t\t\t\t\t\t\t<div class=\"elementor-gallery-item__overlay\"><\/div>\n\t\t\t\t\t\t\t\t\t\t\t\t\t\t<\/a>\n\t\t\t\t\t\t\t<a class=\"e-gallery-item elementor-gallery-item elementor-animated-content\" href=\"https:\/\/looketmedecine.fr\/wp-content\/uploads\/2024\/07\/Capture-decran-2024-07-16-a-09.44.41.png\" data-elementor-open-lightbox=\"yes\" data-elementor-lightbox-slideshow=\"8c34f5b\" data-elementor-lightbox-title=\"Saga Vivacy\" data-elementor-lightbox-description=\"Saga Vivacy\" data-e-action-hash=\"#elementor-action%3Aaction%3Dlightbox%26settings%3DeyJpZCI6MjIzNDUsInVybCI6Imh0dHBzOlwvXC9sb29rZXRtZWRlY2luZS5mclwvd3AtY29udGVudFwvdXBsb2Fkc1wvMjAyNFwvMDdcL0NhcHR1cmUtZGVjcmFuLTIwMjQtMDctMTYtYS0wOS40NC40MS5wbmciLCJzbGlkZXNob3ciOiI4YzM0ZjViIn0%3D\">\n\t\t\t\t\t<div class=\"e-gallery-image elementor-gallery-item__image\" data-thumbnail=\"https:\/\/looketmedecine.fr\/wp-content\/uploads\/2024\/07\/Capture-decran-2024-07-16-a-09.44.41.png\" data-width=\"\" data-height=\"\" aria-label=\"Vivacy Saga\" role=\"img\" ><\/div>\n\t\t\t\t\t\t\t\t\t\t\t<div class=\"elementor-gallery-item__overlay\"><\/div>\n\t\t\t\t\t\t\t\t\t\t\t\t\t\t<\/a>\n\t\t\t\t\t\t\t<a class=\"e-gallery-item elementor-gallery-item elementor-animated-content\" href=\"https:\/\/looketmedecine.fr\/wp-content\/uploads\/2024\/07\/Capture-decran-2024-07-16-a-09.45.00.png\" data-elementor-open-lightbox=\"yes\" data-elementor-lightbox-slideshow=\"8c34f5b\" data-elementor-lightbox-title=\"Capture d\u2019e\u0301cran 2024-07-16 a\u0300 09.45.00\" data-e-action-hash=\"#elementor-action%3Aaction%3Dlightbox%26settings%3DeyJpZCI6MjIzNTEsInVybCI6Imh0dHBzOlwvXC9sb29rZXRtZWRlY2luZS5mclwvd3AtY29udGVudFwvdXBsb2Fkc1wvMjAyNFwvMDdcL0NhcHR1cmUtZGVjcmFuLTIwMjQtMDctMTYtYS0wOS40NS4wMC5wbmciLCJzbGlkZXNob3ciOiI4YzM0ZjViIn0%3D\">\n\t\t\t\t\t<div class=\"e-gallery-image elementor-gallery-item__image\" data-thumbnail=\"https:\/\/looketmedecine.fr\/wp-content\/uploads\/2024\/07\/Capture-decran-2024-07-16-a-09.45.00.png\" data-width=\"\" data-height=\"\" aria-label=\"\" role=\"img\" ><\/div>\n\t\t\t\t\t\t\t\t\t\t\t<div class=\"elementor-gallery-item__overlay\"><\/div>\n\t\t\t\t\t\t\t\t\t\t\t\t\t\t<\/a>\n\t\t\t\t\t<\/div>\n\t\t\t\t\t<\/div>\n\t\t\t\t<\/div>\n\t\t\t\t<div class=\"elementor-element elementor-element-c236756 elementor-widget elementor-widget-image\" data-id=\"c236756\" data-element_type=\"widget\" data-e-type=\"widget\" data-widget_type=\"image.default\">\n\t\t\t\t<div class=\"elementor-widget-container\">\n\t\t\t\t\t\t\t\t\t\t\t\t\t\t\t<img fetchpriority=\"high\" decoding=\"async\" width=\"5118\" height=\"2636\" src=\"https:\/\/looketmedecine.fr\/wp-content\/uploads\/2024\/08\/Capture-decran-2024-08-20-a-11.12.40.png\" class=\"attachment-full size-full wp-image-23540\" alt=\"\" srcset=\"https:\/\/looketmedecine.fr\/wp-content\/uploads\/2024\/08\/Capture-decran-2024-08-20-a-11.12.40.png 5118w, https:\/\/looketmedecine.fr\/wp-content\/uploads\/2024\/08\/Capture-decran-2024-08-20-a-11.12.40-300x155.png 300w, https:\/\/looketmedecine.fr\/wp-content\/uploads\/2024\/08\/Capture-decran-2024-08-20-a-11.12.40-1024x527.png 1024w, https:\/\/looketmedecine.fr\/wp-content\/uploads\/2024\/08\/Capture-decran-2024-08-20-a-11.12.40-768x396.png 768w, https:\/\/looketmedecine.fr\/wp-content\/uploads\/2024\/08\/Capture-decran-2024-08-20-a-11.12.40-1536x791.png 1536w, https:\/\/looketmedecine.fr\/wp-content\/uploads\/2024\/08\/Capture-decran-2024-08-20-a-11.12.40-2048x1055.png 2048w, https:\/\/looketmedecine.fr\/wp-content\/uploads\/2024\/08\/Capture-decran-2024-08-20-a-11.12.40-18x9.png 18w\" sizes=\"(max-width: 5118px) 100vw, 5118px\" \/>\t\t\t\t\t\t\t\t\t\t\t\t\t\t\t<\/div>\n\t\t\t\t<\/div>\n\t\t\t\t\t<\/div>\n\t\t\t\t<\/div>\n\t\t\t\t<\/div>","protected":false},"excerpt":{"rendered":"<p>KEY MESSAGES FROM THIS SPECIAL ISSUE DEDICATED TO AUTOLOGOUS CELL REGENERATIVE MEDICINE<\/p>","protected":false},"author":4,"featured_media":19383,"parent":139,"menu_order":0,"comment_status":"closed","ping_status":"closed","template":"","meta":{"_acf_changed":false,"footnotes":""},"class_list":["post-14478","page","type-page","status-publish","has-post-thumbnail","hentry"],"acf":[],"yoast_head":"<!-- This site is optimized with the Yoast SEO plugin v27.5 - https:\/\/yoast.com\/product\/yoast-seo-wordpress\/ -->\n<title>Sommaire du Num\u00e9ro sp\u00e9cial LM REGEN LAB     N\u00b01 2024 - Revue fran\u00e7aise N\u00b01 pour la recherche en sant\u00e9 esth\u00e9tique<\/title>\n<meta name=\"robots\" content=\"index, follow, max-snippet:-1, max-image-preview:large, max-video-preview:-1\" \/>\n<link rel=\"canonical\" href=\"https:\/\/looketmedecine.fr\/en\/wp-json\/wp\/v2\/pages\/14478\" \/>\n<meta property=\"og:locale\" content=\"en_US\" \/>\n<meta property=\"og:type\" content=\"article\" \/>\n<meta property=\"og:title\" content=\"Sommaire du Num\u00e9ro sp\u00e9cial LM REGEN LAB     N\u00b01 2024 - Revue fran\u00e7aise N\u00b01 pour la recherche en sant\u00e9 esth\u00e9tique\" \/>\n<meta property=\"og:description\" content=\"LES PRINCIPAUX MESSAGES DE CE NUMERO SPECIAL DEDI\u00c9 \u00c0 LA MEDECINE R\u00c9G\u00c9N\u00c9RATIVE CELLULAIRE AUTOLOGUE\" \/>\n<meta property=\"og:url\" content=\"https:\/\/looketmedecine.fr\/en\/accueil-2\/lm1-2023-accueil-looketmedecine\/\" \/>\n<meta property=\"og:site_name\" content=\"Revue fran\u00e7aise N\u00b01 pour la recherche en sant\u00e9 esth\u00e9tique\" \/>\n<meta property=\"article:publisher\" content=\"https:\/\/www.facebook.com\/looketmedecine.magazine\/\" \/>\n<meta property=\"article:modified_time\" content=\"2024-08-21T13:43:35+00:00\" \/>\n<meta property=\"og:image\" content=\"https:\/\/looketmedecine.fr\/wp-content\/uploads\/2024\/05\/Capture-decran-2024-05-11-a-20.54.26.png\" \/>\n\t<meta property=\"og:image:width\" content=\"2106\" \/>\n\t<meta property=\"og:image:height\" content=\"2478\" \/>\n\t<meta property=\"og:image:type\" content=\"image\/png\" \/>\n<meta name=\"twitter:card\" content=\"summary_large_image\" \/>\n<meta name=\"twitter:label1\" content=\"Est. reading time\" \/>\n\t<meta name=\"twitter:data1\" content=\"17 minutes\" \/>\n<script type=\"application\/ld+json\" class=\"yoast-schema-graph\">{\"@context\":\"https:\\\/\\\/schema.org\",\"@graph\":[{\"@type\":\"WebPage\",\"@id\":\"https:\\\/\\\/looketmedecine.fr\\\/accueil-2\\\/lm1-2023-accueil-looketmedecine\\\/\",\"url\":\"https:\\\/\\\/looketmedecine.fr\\\/accueil-2\\\/lm1-2023-accueil-looketmedecine\\\/\",\"name\":\"Sommaire du Num\u00e9ro sp\u00e9cial LM REGEN LAB N\u00b01 2024 - Revue fran\u00e7aise N\u00b01 pour la recherche en sant\u00e9 esth\u00e9tique\",\"isPartOf\":{\"@id\":\"https:\\\/\\\/looketmedecine.fr\\\/#website\"},\"primaryImageOfPage\":{\"@id\":\"https:\\\/\\\/looketmedecine.fr\\\/accueil-2\\\/lm1-2023-accueil-looketmedecine\\\/#primaryimage\"},\"image\":{\"@id\":\"https:\\\/\\\/looketmedecine.fr\\\/accueil-2\\\/lm1-2023-accueil-looketmedecine\\\/#primaryimage\"},\"thumbnailUrl\":\"https:\\\/\\\/looketmedecine.fr\\\/wp-content\\\/uploads\\\/2024\\\/05\\\/Capture-decran-2024-05-11-a-20.54.26.png\",\"datePublished\":\"2023-04-08T13:47:17+00:00\",\"dateModified\":\"2024-08-21T13:43:35+00:00\",\"breadcrumb\":{\"@id\":\"https:\\\/\\\/looketmedecine.fr\\\/accueil-2\\\/lm1-2023-accueil-looketmedecine\\\/#breadcrumb\"},\"inLanguage\":\"en-US\",\"potentialAction\":[{\"@type\":\"ReadAction\",\"target\":[\"https:\\\/\\\/looketmedecine.fr\\\/accueil-2\\\/lm1-2023-accueil-looketmedecine\\\/\"]}]},{\"@type\":\"ImageObject\",\"inLanguage\":\"en-US\",\"@id\":\"https:\\\/\\\/looketmedecine.fr\\\/accueil-2\\\/lm1-2023-accueil-looketmedecine\\\/#primaryimage\",\"url\":\"https:\\\/\\\/looketmedecine.fr\\\/wp-content\\\/uploads\\\/2024\\\/05\\\/Capture-decran-2024-05-11-a-20.54.26.png\",\"contentUrl\":\"https:\\\/\\\/looketmedecine.fr\\\/wp-content\\\/uploads\\\/2024\\\/05\\\/Capture-decran-2024-05-11-a-20.54.26.png\",\"width\":2106,\"height\":2478,\"caption\":\"LM 1 2024\"},{\"@type\":\"BreadcrumbList\",\"@id\":\"https:\\\/\\\/looketmedecine.fr\\\/accueil-2\\\/lm1-2023-accueil-looketmedecine\\\/#breadcrumb\",\"itemListElement\":[{\"@type\":\"ListItem\",\"position\":1,\"name\":\"Accueil\",\"item\":\"https:\\\/\\\/looketmedecine.fr\\\/\"},{\"@type\":\"ListItem\",\"position\":2,\"name\":\"Look et m\u00e9decine\",\"item\":\"https:\\\/\\\/looketmedecine.fr\\\/accueil-2\\\/\"},{\"@type\":\"ListItem\",\"position\":3,\"name\":\"Sommaire du Num\u00e9ro sp\u00e9cial LM REGEN LAB N\u00b01 2024\"}]},{\"@type\":\"WebSite\",\"@id\":\"https:\\\/\\\/looketmedecine.fr\\\/#website\",\"url\":\"https:\\\/\\\/looketmedecine.fr\\\/\",\"name\":\"Revue fran\u00e7aise N\u00b01 pour la recherche en sant\u00e9 esth\u00e9tique\",\"description\":\"La sant\u00e9 esth\u00e9tique fond\u00e9e sur des preuves scientifiques\",\"publisher\":{\"@id\":\"https:\\\/\\\/looketmedecine.fr\\\/#organization\"},\"potentialAction\":[{\"@type\":\"SearchAction\",\"target\":{\"@type\":\"EntryPoint\",\"urlTemplate\":\"https:\\\/\\\/looketmedecine.fr\\\/?s={search_term_string}\"},\"query-input\":{\"@type\":\"PropertyValueSpecification\",\"valueRequired\":true,\"valueName\":\"search_term_string\"}}],\"inLanguage\":\"en-US\"},{\"@type\":\"Organization\",\"@id\":\"https:\\\/\\\/looketmedecine.fr\\\/#organization\",\"name\":\"Looketmedecine\",\"url\":\"https:\\\/\\\/looketmedecine.fr\\\/\",\"logo\":{\"@type\":\"ImageObject\",\"inLanguage\":\"en-US\",\"@id\":\"https:\\\/\\\/looketmedecine.fr\\\/#\\\/schema\\\/logo\\\/image\\\/\",\"url\":\"https:\\\/\\\/looketmedecine.fr\\\/wp-content\\\/uploads\\\/2020\\\/11\\\/cropped-LookMedecine_Logo_Textuel_Noir.png\",\"contentUrl\":\"https:\\\/\\\/looketmedecine.fr\\\/wp-content\\\/uploads\\\/2020\\\/11\\\/cropped-LookMedecine_Logo_Textuel_Noir.png\",\"width\":1500,\"height\":145,\"caption\":\"Looketmedecine\"},\"image\":{\"@id\":\"https:\\\/\\\/looketmedecine.fr\\\/#\\\/schema\\\/logo\\\/image\\\/\"},\"sameAs\":[\"https:\\\/\\\/www.facebook.com\\\/looketmedecine.magazine\\\/\",\"https:\\\/\\\/www.instagram.com\\\/looketmedecine\\\/?hl=fr\"]}]}<\/script>\n<!-- \/ Yoast SEO plugin. -->","yoast_head_json":{"title":"Contents of the Special Issue LM REGEN LAB N\u00b01 2024 - French magazine N\u00b01 for aesthetic health research","robots":{"index":"index","follow":"follow","max-snippet":"max-snippet:-1","max-image-preview":"max-image-preview:large","max-video-preview":"max-video-preview:-1"},"canonical":"https:\/\/looketmedecine.fr\/en\/wp-json\/wp\/v2\/pages\/14478","og_locale":"en_US","og_type":"article","og_title":"Sommaire du Num\u00e9ro sp\u00e9cial LM REGEN LAB     N\u00b01 2024 - Revue fran\u00e7aise N\u00b01 pour la recherche en sant\u00e9 esth\u00e9tique","og_description":"LES PRINCIPAUX MESSAGES DE CE NUMERO SPECIAL DEDI\u00c9 \u00c0 LA MEDECINE R\u00c9G\u00c9N\u00c9RATIVE CELLULAIRE AUTOLOGUE","og_url":"https:\/\/looketmedecine.fr\/en\/accueil-2\/lm1-2023-accueil-looketmedecine\/","og_site_name":"Revue fran\u00e7aise N\u00b01 pour la recherche en sant\u00e9 esth\u00e9tique","article_publisher":"https:\/\/www.facebook.com\/looketmedecine.magazine\/","article_modified_time":"2024-08-21T13:43:35+00:00","og_image":[{"width":2106,"height":2478,"url":"https:\/\/looketmedecine.fr\/wp-content\/uploads\/2024\/05\/Capture-decran-2024-05-11-a-20.54.26.png","type":"image\/png"}],"twitter_card":"summary_large_image","twitter_misc":{"Est. reading time":"17 minutes"},"schema":{"@context":"https:\/\/schema.org","@graph":[{"@type":"WebPage","@id":"https:\/\/looketmedecine.fr\/accueil-2\/lm1-2023-accueil-looketmedecine\/","url":"https:\/\/looketmedecine.fr\/accueil-2\/lm1-2023-accueil-looketmedecine\/","name":"Contents of the Special Issue LM REGEN LAB N\u00b01 2024 - French magazine N\u00b01 for aesthetic health research","isPartOf":{"@id":"https:\/\/looketmedecine.fr\/#website"},"primaryImageOfPage":{"@id":"https:\/\/looketmedecine.fr\/accueil-2\/lm1-2023-accueil-looketmedecine\/#primaryimage"},"image":{"@id":"https:\/\/looketmedecine.fr\/accueil-2\/lm1-2023-accueil-looketmedecine\/#primaryimage"},"thumbnailUrl":"https:\/\/looketmedecine.fr\/wp-content\/uploads\/2024\/05\/Capture-decran-2024-05-11-a-20.54.26.png","datePublished":"2023-04-08T13:47:17+00:00","dateModified":"2024-08-21T13:43:35+00:00","breadcrumb":{"@id":"https:\/\/looketmedecine.fr\/accueil-2\/lm1-2023-accueil-looketmedecine\/#breadcrumb"},"inLanguage":"en-US","potentialAction":[{"@type":"ReadAction","target":["https:\/\/looketmedecine.fr\/accueil-2\/lm1-2023-accueil-looketmedecine\/"]}]},{"@type":"ImageObject","inLanguage":"en-US","@id":"https:\/\/looketmedecine.fr\/accueil-2\/lm1-2023-accueil-looketmedecine\/#primaryimage","url":"https:\/\/looketmedecine.fr\/wp-content\/uploads\/2024\/05\/Capture-decran-2024-05-11-a-20.54.26.png","contentUrl":"https:\/\/looketmedecine.fr\/wp-content\/uploads\/2024\/05\/Capture-decran-2024-05-11-a-20.54.26.png","width":2106,"height":2478,"caption":"LM 1 2024"},{"@type":"BreadcrumbList","@id":"https:\/\/looketmedecine.fr\/accueil-2\/lm1-2023-accueil-looketmedecine\/#breadcrumb","itemListElement":[{"@type":"ListItem","position":1,"name":"Accueil","item":"https:\/\/looketmedecine.fr\/"},{"@type":"ListItem","position":2,"name":"Look et m\u00e9decine","item":"https:\/\/looketmedecine.fr\/accueil-2\/"},{"@type":"ListItem","position":3,"name":"Sommaire du Num\u00e9ro sp\u00e9cial LM REGEN LAB N\u00b01 2024"}]},{"@type":"WebSite","@id":"https:\/\/looketmedecine.fr\/#website","url":"https:\/\/looketmedecine.fr\/","name":"N\u00b01 French magazine for research in aesthetic health","description":"Aesthetic health based on scientific evidence","publisher":{"@id":"https:\/\/looketmedecine.fr\/#organization"},"potentialAction":[{"@type":"SearchAction","target":{"@type":"EntryPoint","urlTemplate":"https:\/\/looketmedecine.fr\/?s={search_term_string}"},"query-input":{"@type":"PropertyValueSpecification","valueRequired":true,"valueName":"search_term_string"}}],"inLanguage":"en-US"},{"@type":"Organization","@id":"https:\/\/looketmedecine.fr\/#organization","name":"Looketmedicine","url":"https:\/\/looketmedecine.fr\/","logo":{"@type":"ImageObject","inLanguage":"en-US","@id":"https:\/\/looketmedecine.fr\/#\/schema\/logo\/image\/","url":"https:\/\/looketmedecine.fr\/wp-content\/uploads\/2020\/11\/cropped-LookMedecine_Logo_Textuel_Noir.png","contentUrl":"https:\/\/looketmedecine.fr\/wp-content\/uploads\/2020\/11\/cropped-LookMedecine_Logo_Textuel_Noir.png","width":1500,"height":145,"caption":"Looketmedecine"},"image":{"@id":"https:\/\/looketmedecine.fr\/#\/schema\/logo\/image\/"},"sameAs":["https:\/\/www.facebook.com\/looketmedecine.magazine\/","https:\/\/www.instagram.com\/looketmedecine\/?hl=fr"]}]}},"_links":{"self":[{"href":"https:\/\/looketmedecine.fr\/en\/wp-json\/wp\/v2\/pages\/14478","targetHints":{"allow":["GET"]}}],"collection":[{"href":"https:\/\/looketmedecine.fr\/en\/wp-json\/wp\/v2\/pages"}],"about":[{"href":"https:\/\/looketmedecine.fr\/en\/wp-json\/wp\/v2\/types\/page"}],"author":[{"embeddable":true,"href":"https:\/\/looketmedecine.fr\/en\/wp-json\/wp\/v2\/users\/4"}],"replies":[{"embeddable":true,"href":"https:\/\/looketmedecine.fr\/en\/wp-json\/wp\/v2\/comments?post=14478"}],"version-history":[{"count":247,"href":"https:\/\/looketmedecine.fr\/en\/wp-json\/wp\/v2\/pages\/14478\/revisions"}],"predecessor-version":[{"id":23643,"href":"https:\/\/looketmedecine.fr\/en\/wp-json\/wp\/v2\/pages\/14478\/revisions\/23643"}],"up":[{"embeddable":true,"href":"https:\/\/looketmedecine.fr\/en\/wp-json\/wp\/v2\/pages\/139"}],"wp:featuredmedia":[{"embeddable":true,"href":"https:\/\/looketmedecine.fr\/en\/wp-json\/wp\/v2\/media\/19383"}],"wp:attachment":[{"href":"https:\/\/looketmedecine.fr\/en\/wp-json\/wp\/v2\/media?parent=14478"}],"curies":[{"name":"wp","href":"https:\/\/api.w.org\/{rel}","templated":true}]}}